{"id":3554,"date":"2018-08-03T16:40:51","date_gmt":"2018-08-03T19:40:51","guid":{"rendered":"http:\/\/www.corciolli.com\/?page_id=3554"},"modified":"2025-06-05T22:42:31","modified_gmt":"2025-06-06T01:42:31","slug":"biography","status":"publish","type":"page","link":"https:\/\/www.corciolli.com\/PT\/index.php\/biography\/","title":{"rendered":"Bio"},"content":{"rendered":"\n<style type=\"text\/css\" data-created_by=\"avia_inline_auto\" id=\"style-css-av-3v7q-34ba44acbc9e466b60d3c9739130909f\">\n.flex_column.av-3v7q-34ba44acbc9e466b60d3c9739130909f{\nborder-radius:0px 0px 0px 0px;\npadding:0px 0px 0px 0px;\n}\n<\/style>\n<div  class='flex_column av-3v7q-34ba44acbc9e466b60d3c9739130909f av_one_third  avia-builder-el-0  el_before_av_two_third  avia-builder-el-first  first flex_column_div av-zero-column-padding  '     ><style type=\"text\/css\" data-created_by=\"avia_inline_auto\" id=\"style-css-av-kt9a16it-0649596c9dfbd37b738caa35a8f2dda1\">\n.avia-image-container.av-kt9a16it-0649596c9dfbd37b738caa35a8f2dda1 img.avia_image{\nbox-shadow:none;\n}\n.avia-image-container.av-kt9a16it-0649596c9dfbd37b738caa35a8f2dda1 .av-image-caption-overlay-center{\ncolor:#ffffff;\n}\n<\/style>\n<div  class='avia-image-container av-kt9a16it-0649596c9dfbd37b738caa35a8f2dda1 av-styling-circle av-hover-grow av-hide-overflow avia-align-center  avia-builder-el-1  avia-builder-el-no-sibling '   itemprop=\"image\" itemscope=\"itemscope\" itemtype=\"https:\/\/schema.org\/ImageObject\" ><div class=\"avia-image-container-inner\"><div class=\"avia-image-overlay-wrap\"><img decoding=\"async\" fetchpriority=\"high\" class='wp-image-4157 avia-img-lazy-loading-not-4157 avia_image ' src=\"https:\/\/corciollisiteofi1.websiteseguro.com\/PT\/wp-content\/uploads\/2025\/05\/Corciolli-20-scaled.jpg\" alt='' title=''  height=\"2560\" width=\"1707\"  itemprop=\"thumbnailUrl\" srcset=\"https:\/\/corciollisiteofi1.websiteseguro.com\/PT\/wp-content\/uploads\/2025\/05\/Corciolli-20-scaled.jpg 1707w, https:\/\/corciollisiteofi1.websiteseguro.com\/PT\/wp-content\/uploads\/2025\/05\/Corciolli-20-200x300.jpg 200w, https:\/\/corciollisiteofi1.websiteseguro.com\/PT\/wp-content\/uploads\/2025\/05\/Corciolli-20-687x1030.jpg 687w, https:\/\/corciollisiteofi1.websiteseguro.com\/PT\/wp-content\/uploads\/2025\/05\/Corciolli-20-768x1152.jpg 768w, https:\/\/corciollisiteofi1.websiteseguro.com\/PT\/wp-content\/uploads\/2025\/05\/Corciolli-20-1024x1536.jpg 1024w, https:\/\/corciollisiteofi1.websiteseguro.com\/PT\/wp-content\/uploads\/2025\/05\/Corciolli-20-1365x2048.jpg 1365w, https:\/\/corciollisiteofi1.websiteseguro.com\/PT\/wp-content\/uploads\/2025\/05\/Corciolli-20-1000x1500.jpg 1000w, https:\/\/corciollisiteofi1.websiteseguro.com\/PT\/wp-content\/uploads\/2025\/05\/Corciolli-20-470x705.jpg 470w\" sizes=\"(max-width: 1707px) 100vw, 1707px\" \/><\/div><\/div><\/div><\/div>\n<style type=\"text\/css\" data-created_by=\"avia_inline_auto\" id=\"style-css-av-jiuiyyru-db71fab0ede94094967202c046b1665b\">\n.flex_column.av-jiuiyyru-db71fab0ede94094967202c046b1665b{\nborder-radius:0px 0px 0px 0px;\npadding:0px 0px 0px 0px;\n}\n<\/style>\n<div  class='flex_column av-jiuiyyru-db71fab0ede94094967202c046b1665b av_two_third  avia-builder-el-2  el_after_av_one_third  avia-builder-el-last  flex_column_div av-animated-generic fade-in av-zero-column-padding  '     ><style type=\"text\/css\" data-created_by=\"avia_inline_auto\" id=\"style-css-av-jj5p2w6u-d8a4043f84540bd321c41a80029ab418\">\n#top .av_textblock_section.av-jj5p2w6u-d8a4043f84540bd321c41a80029ab418 .avia_textblock{\nfont-size:24px;\n}\n<\/style>\n<section  class='av_textblock_section av-jj5p2w6u-d8a4043f84540bd321c41a80029ab418 '   itemscope=\"itemscope\" itemtype=\"https:\/\/schema.org\/CreativeWork\" ><div class='avia_textblock'  itemprop=\"text\" ><h2 style=\"text-align: left;\">BIO<\/h2>\n<\/div><\/section><br \/>\n\n<style type=\"text\/css\" data-created_by=\"avia_inline_auto\" id=\"style-css-av-kt9a249b-a521d5316a65a58e925b377d5f316f78\">\n#top .hr.hr-invisible.av-kt9a249b-a521d5316a65a58e925b377d5f316f78{\nheight:25px;\n}\n<\/style>\n<div  class='hr av-kt9a249b-a521d5316a65a58e925b377d5f316f78 hr-invisible  avia-builder-el-4  el_after_av_textblock  el_before_av_textblock '><span class='hr-inner '><span class=\"hr-inner-style\"><\/span><\/span><\/div><br \/>\n<section  class='av_textblock_section av-jiuiz8c3-883e617b5b0fdac9acdf38f462d49c4f '   itemscope=\"itemscope\" itemtype=\"https:\/\/schema.org\/CreativeWork\" ><div class='avia_textblock'  itemprop=\"text\" ><p>Compositor, instrumentista e produtor multi-platinado paulistano, Corciolli nasceu em 1968, iniciando seus estudos no piano aos 15 anos com Nair Tabet, assistente de Magdalena Tagliaferro. Em seguida, aprofundou-se na m\u00fasica popular, estudando harmonia e improvisa\u00e7\u00e3o com Cacho Souza e posteriormente com Cl\u00e1udio Leal Ferreira. Entretanto foram os sintetizadores eletr\u00f4nicos, com suas infinitas possibilidades sonoras, que estreitaram sua rela\u00e7\u00e3o com a m\u00fasica e a composi\u00e7\u00e3o.<\/p>\n<p>Graduou-se em arquitetura, sem deixar a m\u00fasica em segundo plano: Ao longo dos anos, participou de diversas bandas e projetos, com destaque para o trabalho desenvolvido com o virtuoso baixista Celso Pixinga e com o grupo de rumba-flamenca Esp\u00edrito Cigano. Em 1993, funda a gravadora <a href=\"https:\/\/www.azulmusic.com.br\">Azul Music<\/a> e lan\u00e7a seu primeiro \u00e1lbum <a href=\"https:\/\/www.corciolli.com\/PT\/index.php\/portfolio-item\/all-that-binds-us\/\"><em>All That Binds Us<\/em><\/a>, inaugurando uma bem-sucedida discografia, que contempla mais de 3M de CDs vendidos, 500M de <em>streams<\/em> e 12 certifica\u00e7\u00f5es de Diamante, Platina e Ouro, auferidas pela Associa\u00e7\u00e3o Brasileira da M\u00fasica Independente (ABMI).<\/p>\n<p>Presente em trilhas sonoras de filmes e participa\u00e7\u00f5es em colet\u00e2neas ao lado de artistas como Hans Zimmer, Vangelis, The Alan Parsons Project, Sarah Brightman, Enigma e Luciano Pavarotti, sua m\u00fasica conduz o ouvinte \u00e0 evocativos mundos sonoros, criando conex\u00f5es atemporais entre diversos g\u00eaneros e sonoridades.<\/p>\n<p>M\u00fasica para ser ouvida nos espa\u00e7os silenciosos da alma.<\/p>\n<\/div><\/section><br \/>\n<div  class='hr av-kt9aboz5-37ff0a9f519bad92013318cab82ded49 hr-default  avia-builder-el-6  el_after_av_textblock  el_before_av_textblock '><span class='hr-inner '><span class=\"hr-inner-style\"><\/span><\/span><\/div><br \/>\n\n<style type=\"text\/css\" data-created_by=\"avia_inline_auto\" id=\"style-css-av-kt9aar62-bcbf830d447163aefcae7a0dc1076fc7\">\n#top .av_textblock_section.av-kt9aar62-bcbf830d447163aefcae7a0dc1076fc7 .avia_textblock{\nfont-size:24px;\n}\n<\/style>\n<section  class='av_textblock_section av-kt9aar62-bcbf830d447163aefcae7a0dc1076fc7 '   itemscope=\"itemscope\" itemtype=\"https:\/\/schema.org\/CreativeWork\" ><div class='avia_textblock'  itemprop=\"text\" ><h2 style=\"text-align: left;\">DEPOIMENTOS<\/h2>\n<\/div><\/section><br \/>\n\n<style type=\"text\/css\" data-created_by=\"avia_inline_auto\" id=\"style-css-av-7229e-22bbfbb12322c2f17a2eaa4a16a2252a\">\n#top .hr.hr-invisible.av-7229e-22bbfbb12322c2f17a2eaa4a16a2252a{\nheight:25px;\n}\n<\/style>\n<div  class='hr av-7229e-22bbfbb12322c2f17a2eaa4a16a2252a hr-invisible  avia-builder-el-8  el_after_av_textblock  el_before_av_textblock '><span class='hr-inner '><span class=\"hr-inner-style\"><\/span><\/span><\/div><br \/>\n<section  class='av_textblock_section av-kt9a9yva-f5468082a67f5f03c8e67574f73c3401 '   itemscope=\"itemscope\" itemtype=\"https:\/\/schema.org\/CreativeWork\" ><div class='avia_textblock'  itemprop=\"text\" ><blockquote>\n<p><em>\u201cA m\u00fasica de Corciolli \u00e9 feita para ampliar os sentidos, envolta em um ar de mist\u00e9rio\u201d<\/em><\/p>\n<\/blockquote>\n<p>BACKROADS MUSIC (EUA)<\/p>\n<blockquote>\n<p><em>\u201cUm inspirado melodista\u201d<\/em><\/p>\n<\/blockquote>\n<p>GAZETA MERCANTIL (Brasil)<\/p>\n<blockquote>\n<p><em>\u201cCorciolli \u00e9 uma sinfonia em si pr\u00f3prio\u201d<\/em><\/p>\n<\/blockquote>\n<p>DAILYOM (EUA)<\/p>\n<blockquote>\n<p><em>\u201cUm dos poucos que consegue adaptar as caracter\u00edsticas brasileiras de seu trabalho em um esp\u00edrito universal da m\u00fasica\u201d<\/em><\/p>\n<\/blockquote>\n<p>JORNAL DO COMMERCIO (Brasil)<\/p>\n<blockquote>\n<p><em>\u201cUm pianista que toca a paix\u00e3o\u201d<\/em><\/p>\n<\/blockquote>\n<p>IL GIARDINO DEI LIBRI (It\u00e1lia)<\/p>\n<blockquote>\n<p><em>\u201cSua simbiose com os teclados \u00e9 tamanha, que ele pode produzir todos os poss\u00edveis e imagin\u00e1veis instrumentos: Todos sublimados com incr\u00edvel veracidade\u201d<\/em><\/p>\n<\/blockquote>\n<p>ARTISTS AND BANDS (It\u00e1lia)<\/p>\n<\/div><\/section><\/p><\/div><\/p>\n","protected":false},"excerpt":{"rendered":"","protected":false},"author":1,"featured_media":0,"parent":0,"menu_order":0,"comment_status":"closed","ping_status":"closed","template":"","meta":{"footnotes":""},"class_list":["post-3554","page","type-page","status-publish","hentry"],"_links":{"self":[{"href":"https:\/\/www.corciolli.com\/PT\/index.php\/wp-json\/wp\/v2\/pages\/3554","targetHints":{"allow":["GET"]}}],"collection":[{"href":"https:\/\/www.corciolli.com\/PT\/index.php\/wp-json\/wp\/v2\/pages"}],"about":[{"href":"https:\/\/www.corciolli.com\/PT\/index.php\/wp-json\/wp\/v2\/types\/page"}],"author":[{"embeddable":true,"href":"https:\/\/www.corciolli.com\/PT\/index.php\/wp-json\/wp\/v2\/users\/1"}],"replies":[{"embeddable":true,"href":"https:\/\/www.corciolli.com\/PT\/index.php\/wp-json\/wp\/v2\/comments?post=3554"}],"version-history":[{"count":19,"href":"https:\/\/www.corciolli.com\/PT\/index.php\/wp-json\/wp\/v2\/pages\/3554\/revisions"}],"predecessor-version":[{"id":4171,"href":"https:\/\/www.corciolli.com\/PT\/index.php\/wp-json\/wp\/v2\/pages\/3554\/revisions\/4171"}],"wp:attachment":[{"href":"https:\/\/www.corciolli.com\/PT\/index.php\/wp-json\/wp\/v2\/media?parent=3554"}],"curies":[{"name":"wp","href":"https:\/\/api.w.org\/{rel}","templated":true}]}}